{"id":29,"date":"2025-10-31T20:30:35","date_gmt":"2025-10-31T20:30:35","guid":{"rendered":"https:\/\/sivamaterija.hr\/?page_id=29"},"modified":"2025-11-01T20:54:30","modified_gmt":"2025-11-01T20:54:30","slug":"global-styles","status":"publish","type":"page","link":"https:\/\/sivamaterija.hr\/?page_id=29","title":{"rendered":"Cjenik"},"content":{"rendered":"\n<p class=\"has-albert-sans-font-family has-medium-font-size\">Cijena \u0161kolskog sata je 15 eura za osnovnu i srednju \u0161kolu.<\/p>\n\n\n\n<p class=\"has-albert-sans-font-family has-medium-font-size\">Za fakultetske instrukcije, cijena je 50% skuplja i iznosi 22,5 eura. <\/p>\n\n\n\n<p class=\"has-albert-sans-font-family has-medium-font-size\">Cijena blok sata za osnovnu i srednju \u0161kolu je 30 eura, a za fakultetske instrukcije je 50% skuplja i iznosi 45 eura. <\/p>\n\n\n\n<p class=\"has-albert-sans-font-family has-medium-font-size\">Dosada\u0161njim radom utvrdili smo da je blok-sat (90min) najbolji vremenski period u kojem se mo\u017ee napraviti konkretan posao, a da u\u010denici ostanu svje\u017ei i koncentrirani. Stoga, blok sat je osnovni termin koji preferiramo.<br><br><br><\/p>\n","protected":false},"excerpt":{"rendered":"<p>Cijena \u0161kolskog sata je 15 eura za osnovnu i srednju \u0161kolu. Za fakultetske instrukcije, cijena je 50% skuplja i iznosi 22,5 eura. Cijena blok sata za osnovnu i srednju \u0161kolu je 30 eura, a za fakultetske instrukcije je 50% skuplja i iznosi 45 eura. Dosada\u0161njim radom utvrdili smo da je blok-sat (90min) najbolji vremenski period [&hellip;]<\/p>\n","protected":false},"author":1,"featured_media":32,"parent":0,"menu_order":0,"comment_status":"closed","ping_status":"closed","template":"elementor_canvas","meta":{"footnotes":""},"class_list":["post-29","page","type-page","status-publish","has-post-thumbnail","hentry"],"_links":{"self":[{"href":"https:\/\/sivamaterija.hr\/index.php?rest_route=\/wp\/v2\/pages\/29","targetHints":{"allow":["GET"]}}],"collection":[{"href":"https:\/\/sivamaterija.hr\/index.php?rest_route=\/wp\/v2\/pages"}],"about":[{"href":"https:\/\/sivamaterija.hr\/index.php?rest_route=\/wp\/v2\/types\/page"}],"author":[{"embeddable":true,"href":"https:\/\/sivamaterija.hr\/index.php?rest_route=\/wp\/v2\/users\/1"}],"replies":[{"embeddable":true,"href":"https:\/\/sivamaterija.hr\/index.php?rest_route=%2Fwp%2Fv2%2Fcomments&post=29"}],"version-history":[{"count":6,"href":"https:\/\/sivamaterija.hr\/index.php?rest_route=\/wp\/v2\/pages\/29\/revisions"}],"predecessor-version":[{"id":628,"href":"https:\/\/sivamaterija.hr\/index.php?rest_route=\/wp\/v2\/pages\/29\/revisions\/628"}],"wp:featuredmedia":[{"embeddable":true,"href":"https:\/\/sivamaterija.hr\/index.php?rest_route=\/wp\/v2\/media\/32"}],"wp:attachment":[{"href":"https:\/\/sivamaterija.hr\/index.php?rest_route=%2Fwp%2Fv2%2Fmedia&parent=29"}],"curies":[{"name":"wp","href":"https:\/\/api.w.org\/{rel}","templated":true}]}}