{"id":569,"date":"2024-01-15T14:05:11","date_gmt":"2024-01-15T14:05:11","guid":{"rendered":"https:\/\/startersites.io\/blocksy\/consultant\/?page_id=16"},"modified":"2025-11-01T21:03:41","modified_gmt":"2025-11-01T21:03:41","slug":"contact","status":"publish","type":"page","link":"https:\/\/sivamaterija.hr\/?page_id=569","title":{"rendered":"Kontakt"},"content":{"rendered":"\n<p class=\"has-albert-sans-font-family has-medium-font-size\">Termin je mogu\u0107e rezervirati na vi\u0161e na\u010dina:<\/p>\n\n\n\n<ul class=\"wp-block-list\">\n<li class=\"has-albert-sans-font-family has-medium-font-size\">putem Google kalendara, klikom na gumb dolje:<\/li>\n<\/ul>\n\n\n\n<div class=\"wp-block-buttons is-layout-flex wp-block-buttons-is-layout-flex\">\n<div class=\"wp-block-button\"><a class=\"wp-block-button__link wp-element-button\" href=\"https:\/\/calendar.app.google\/5LSGeaAkvAbqE69c8\">Google Calendar<\/a><\/div>\n<\/div>\n\n\n\n<ul class=\"wp-block-list\">\n<li class=\"has-albert-sans-font-family has-medium-font-size\">porukom na WhatsApp broj +385976699685<\/li>\n<\/ul>\n\n\n\n<div class=\"wp-block-buttons is-layout-flex wp-block-buttons-is-layout-flex\">\n<div class=\"wp-block-button\"><a class=\"wp-block-button__link wp-element-button\" href=\"https:\/\/wa.me\/+385976699685\">Whatsapp<\/a><\/div>\n<\/div>\n\n\n\n<ul class=\"wp-block-list\">\n<li class=\"has-black-color has-text-color has-link-color has-albert-sans-font-family has-medium-font-size wp-elements-cb5081bb725394cecff652c644f7b0ff\">porukom na Instagram stranici @siva_materija<\/li>\n<\/ul>\n\n\n\n<div class=\"wp-block-buttons is-layout-flex wp-block-buttons-is-layout-flex\">\n<div class=\"wp-block-button\"><a class=\"wp-block-button__link wp-element-button\" href=\"https:\/\/www.instagram.com\/siva_materija\/\">Instagram<\/a><\/div>\n<\/div>\n\n\n\n<p><\/p>\n","protected":false},"excerpt":{"rendered":"<p>Termin je mogu\u0107e rezervirati na vi\u0161e na\u010dina:<\/p>\n","protected":false},"author":1,"featured_media":0,"parent":0,"menu_order":0,"comment_status":"closed","ping_status":"closed","template":"","meta":{"footnotes":""},"class_list":["post-569","page","type-page","status-publish","hentry"],"_links":{"self":[{"href":"https:\/\/sivamaterija.hr\/index.php?rest_route=\/wp\/v2\/pages\/569","targetHints":{"allow":["GET"]}}],"collection":[{"href":"https:\/\/sivamaterija.hr\/index.php?rest_route=\/wp\/v2\/pages"}],"about":[{"href":"https:\/\/sivamaterija.hr\/index.php?rest_route=\/wp\/v2\/types\/page"}],"author":[{"embeddable":true,"href":"https:\/\/sivamaterija.hr\/index.php?rest_route=\/wp\/v2\/users\/1"}],"replies":[{"embeddable":true,"href":"https:\/\/sivamaterija.hr\/index.php?rest_route=%2Fwp%2Fv2%2Fcomments&post=569"}],"version-history":[{"count":6,"href":"https:\/\/sivamaterija.hr\/index.php?rest_route=\/wp\/v2\/pages\/569\/revisions"}],"predecessor-version":[{"id":632,"href":"https:\/\/sivamaterija.hr\/index.php?rest_route=\/wp\/v2\/pages\/569\/revisions\/632"}],"wp:attachment":[{"href":"https:\/\/sivamaterija.hr\/index.php?rest_route=%2Fwp%2Fv2%2Fmedia&parent=569"}],"curies":[{"name":"wp","href":"https:\/\/api.w.org\/{rel}","templated":true}]}}