{"id":638,"date":"2025-11-01T21:18:25","date_gmt":"2025-11-01T21:18:25","guid":{"rendered":"https:\/\/sivamaterija.hr\/?page_id=638"},"modified":"2025-11-02T12:22:35","modified_gmt":"2025-11-02T12:22:35","slug":"o-nama","status":"publish","type":"page","link":"https:\/\/sivamaterija.hr\/?page_id=638","title":{"rendered":"O meni"},"content":{"rendered":"\n<h1 class=\"wp-block-heading\">Znanost na dlanu: Strpljenje, razumijevanje i put do samopouzdanja<\/h1>\n\n\n\n<h4 class=\"wp-block-heading\">Za\u0161to sam ovdje i \u0161to me pokre\u0107e<\/h4>\n\n\n\n<blockquote class=\"wp-block-quote is-layout-flow wp-block-quote-is-layout-flow\">\n<p>Zovem se Ivan i strastveno sam posve\u0107en uklanjanju straha i frustracije iz znanstvenih predmeta. Pokrenuo sam ovaj obrt jer sam iz prve ruke shvatio da znanje predmeta nije dovoljno za dobrog instruktora. Potrebno je puno vi\u0161e: <strong>smirenost, strpljivost i sposobnost da se u potpunosti stavi\u0161 u ko\u017eu u\u010denika.<\/strong><\/p>\n\n\n\n<p>Tijekom vlastitog studija (Elektrotehnika i Fizika na splitskim fakultetima) iskusio sam kako je to boriti se s te\u0161kim gradivom. Iako sam i danas student, to mi iskustvo omogu\u0107uje da ne gledam na problem iz &#8220;profesorske&#8221; perspektive, ve\u0107 iz perspektive onoga tko se osje\u0107a zbunjeno i misli da &#8220;nije za to&#8221;. Upravo ta empatija i razumijevanje tvore temelj mog pristupa.<\/p>\n<\/blockquote>\n\n\n\n<h4 class=\"wp-block-heading\">Specijalnost i jedinstveni pristup<\/h4>\n\n\n\n<blockquote class=\"wp-block-quote is-layout-flow wp-block-quote-is-layout-flow\">\n<p><strong>\u0160to podu\u010davam:<\/strong> Instrukcije dr\u017eim iz <strong>Fizike, Matematike i Kemije<\/strong> za u\u010denike osnovnih i srednjih \u0161kola.<\/p>\n\n\n\n<p><strong>Moj pristup:<\/strong> Ono \u0161to me razlikuje jest moja sposobnost da se stavim u poziciju &#8220;neznalice&#8221; i iz te to\u010dke krenem s u\u010denikom. Ne slijedim samo unaprijed odre\u0111ene formule, ve\u0107 pronalazim individualan smjer i korake koji garantiraju da \u0107e u\u010denik <strong>razumjeti<\/strong> gradivo, a ne ga samo nau\u010diti napamet.<\/p>\n\n\n\n<p>Atmosfera na instrukcijama je uvijek <strong>opu\u0161tena, pristupa\u010dna i radna<\/strong>. Kod mene nema deranja, omalova\u017eavanja ili vrije\u0111anja ako ne\u0161to ne zna\u0161. Moj sat je tvoj siguran prostor gdje je svako pitanje dobrodo\u0161lo i gdje je vrijeme maksimalno iskori\u0161teno za rad i rje\u0161avanje zadataka.<\/p>\n\n\n\n<p><strong>Rje\u0161avam bolne to\u010dke:<\/strong> Moj glavni cilj je razbiti mit da je znanost samo za &#8220;pametne&#8221;. Radim s u\u010denicima koji se boje ovih predmeta i misle da su &#8220;glupi&#8221; ili da &#8220;to nije za njih&#8221;. Uz to, poma\u017eem u smirivanju odnosa roditelj-u\u010denik i rje\u0161avam frustraciju. \u017delim da u\u010denik shvati da je gradivo interesantno, da ga je mogu\u0107e nau\u010diti, te da razvije <strong>samopouzdanje, radne navike i ljubav prema u\u010denju<\/strong>.<\/p>\n<\/blockquote>\n\n\n\n<h4 class=\"wp-block-heading\">Znanost nije samo u knjigama: Osobna nota<\/h4>\n\n\n\n<blockquote class=\"wp-block-quote is-layout-flow wp-block-quote-is-layout-flow\">\n<p>I izvan u\u010dionice, \u017eivim znanost. Kao in\u017eenjersko-znanstveni\u010dka &#8220;profesionalna deformacija&#8221;, volim promatrati svijet kroz prizmu znanosti. Svaki slobodan trenutak provodim aktivno u prirodi\u2014tr\u010de\u0107i, voze\u0107i bicikl, planinare\u0107i, bave\u0107i se <em>rockclimbingom<\/em> ili ronjenjem.<\/p>\n\n\n\n<p>Upravo ta <strong>ljubav prema otkrivanju kako stvari funkcioniraju<\/strong> prelijeva se na moj rad. Kroz primjere iz stvarnog svijeta, pribli\u017eavam djeci znanost i pokazujem da je ona svugdje oko nas.<\/p>\n\n\n\n<p><strong>Instrukcije kod mene su:<\/strong> <strong>Zabavne, pristupa\u010dne i produktivne.<\/strong><\/p>\n\n\n\n<p>Spreman sam Vam pomo\u0107i da Va\u0161e dijete ne popravi samo ocjenu, ve\u0107 da zavoli u\u010denje i stekne samopouzdanje koje \u0107e koristiti u svakom aspektu \u017eivota. <strong>Javite mi se za konzultacije!<\/strong><\/p>\n<\/blockquote>\n","protected":false},"excerpt":{"rendered":"<p>Znanost na dlanu: Strpljenje, razumijevanje i put do samopouzdanja Za\u0161to sam ovdje i \u0161to me pokre\u0107e Zovem se Ivan i strastveno sam posve\u0107en uklanjanju straha i frustracije iz znanstvenih predmeta. Pokrenuo sam ovaj obrt jer sam iz prve ruke shvatio da znanje predmeta nije dovoljno za dobrog instruktora. Potrebno je puno vi\u0161e: smirenost, strpljivost i [&hellip;]<\/p>\n","protected":false},"author":1,"featured_media":0,"parent":0,"menu_order":0,"comment_status":"closed","ping_status":"closed","template":"","meta":{"footnotes":""},"class_list":["post-638","page","type-page","status-publish","hentry"],"_links":{"self":[{"href":"https:\/\/sivamaterija.hr\/index.php?rest_route=\/wp\/v2\/pages\/638","targetHints":{"allow":["GET"]}}],"collection":[{"href":"https:\/\/sivamaterija.hr\/index.php?rest_route=\/wp\/v2\/pages"}],"about":[{"href":"https:\/\/sivamaterija.hr\/index.php?rest_route=\/wp\/v2\/types\/page"}],"author":[{"embeddable":true,"href":"https:\/\/sivamaterija.hr\/index.php?rest_route=\/wp\/v2\/users\/1"}],"replies":[{"embeddable":true,"href":"https:\/\/sivamaterija.hr\/index.php?rest_route=%2Fwp%2Fv2%2Fcomments&post=638"}],"version-history":[{"count":3,"href":"https:\/\/sivamaterija.hr\/index.php?rest_route=\/wp\/v2\/pages\/638\/revisions"}],"predecessor-version":[{"id":659,"href":"https:\/\/sivamaterija.hr\/index.php?rest_route=\/wp\/v2\/pages\/638\/revisions\/659"}],"wp:attachment":[{"href":"https:\/\/sivamaterija.hr\/index.php?rest_route=%2Fwp%2Fv2%2Fmedia&parent=638"}],"curies":[{"name":"wp","href":"https:\/\/api.w.org\/{rel}","templated":true}]}}